{"id":252,"date":"2026-05-06T03:31:36","date_gmt":"2026-05-06T03:31:36","guid":{"rendered":"https:\/\/nucleofinanciero.info\/?page_id=252"},"modified":"2026-05-07T00:56:58","modified_gmt":"2026-05-07T00:56:58","slug":"quienes-somos","status":"publish","type":"page","link":"https:\/\/nucleofinanciero.info\/en\/quienes-somos\/","title":{"rendered":"\u00bfQui\u00e9nes somos?"},"content":{"rendered":"<h1 class=\"wp-block-heading\"><strong>N\u00facleo Financiero<\/strong><\/h1>\n\n\n\n<p>En N\u00facleo Financiero creemos que la educaci\u00f3n financiera es la base para tomar mejores decisiones en la vida. No somos solo una p\u00e1gina de informaci\u00f3n: somos un espacio creado para ayudarte a entender y mejorar la forma en la que gestionas tu dinero.<\/p>\n\n\n\n<p>Vivimos en un mundo donde la econom\u00eda cambia constantemente, y por eso nuestro objetivo es claro: darte herramientas simples, pr\u00e1cticas y actualizadas para que tengas el control de tus finanzas.<\/p>\n\n\n\n<p>\u2e3b<\/p>\n\n\n\n<p>\ud83d\udca1 Qu\u00e9 ofrecemos<\/p>\n\n\n\n<p>En nuestra plataforma encontrar\u00e1s una p\u00e1gina web pensada para aprender, mejorar y mantenerte informado sobre el mundo financiero:<\/p>\n\n\n\n<ul class=\"wp-block-list\">\n<li>\ud83d\udcca Gu\u00edas para aprender a controlar tu dinero y evitar errores comunes<\/li>\n\n\n\n<li>\ud83d\udcb0 Educaci\u00f3n sobre finanzas personales de forma sencilla<\/li>\n\n\n\n<li>\ud83d\udcc8 Contenido sobre inversiones y c\u00f3mo empezar paso a paso<\/li>\n\n\n\n<li>\u20bf Informaci\u00f3n b\u00e1sica y actualizada sobre criptomonedas<\/li>\n\n\n\n<li>\ud83d\udcf0 Noticias y an\u00e1lisis de econom\u00eda, mercados y tendencias financieras<\/li>\n<\/ul>\n\n\n\n<p>\u2e3b<\/p>\n\n\n\n<p>\ud83d\ude80 Nuestro objetivo<\/p>\n\n\n\n<p>Queremos que cualquier persona, sin importar su nivel, pueda entender c\u00f3mo funciona el dinero y c\u00f3mo hacerlo trabajar a su favor. Desde conceptos b\u00e1sicos hasta temas m\u00e1s avanzados, te acompa\u00f1amos en tu camino financiero.<\/p>\n\n\n\n<p>Puedes ver todo nuestro contenido aqu\u00ed mismo:<\/p>\n\n\n\n<div class=\"wp-block-buttons is-layout-flex wp-block-buttons-is-layout-flex\">\n<div class=\"wp-block-button\"><a class=\"wp-block-button__link wp-element-button\" href=\"https:\/\/nucleofinanciero.info\/en\/articulos\/\">ART\u00cdCULOS<\/a><\/div>\n<\/div>\n\n\n<ul class=\"wp-block-latest-posts__list is-grid columns-3 wp-block-latest-posts\"><li><a class=\"wp-block-latest-posts__post-title\" href=\"https:\/\/nucleofinanciero.info\/en\/como-crear-un-presupuesto-que-realmente-funcione-plantilla-incluida\/\">C\u00d3MO CREAR UN PRESUPUESTO QUE REALMENTE FUNCIONE (Plantilla Incluida)<\/a><\/li>\n<li><a class=\"wp-block-latest-posts__post-title\" href=\"https:\/\/nucleofinanciero.info\/en\/errores-que-debes-evitar-si-inviertes-en-cripto-guia-2026\/\">ERRORES QUE DEBES EVITAR SI INVIERTES EN CRIPTO (Gu\u00eda 2026)<\/a><\/li>\n<li><a class=\"wp-block-latest-posts__post-title\" href=\"https:\/\/nucleofinanciero.info\/en\/cuanto-dinero-deberias-tener-ahorrado-segun-tu-edad\/\">CU\u00c1NTO DINERO DEBER\u00cdAS TENER AHORRADO SEG\u00daN TU EDAD<\/a><\/li>\n<li><a class=\"wp-block-latest-posts__post-title\" href=\"https:\/\/nucleofinanciero.info\/en\/como-tomar-decisiones-financieras-inteligentes-paso-a-paso-metodo-practico-2026\/\">C\u00d3MO TOMAR DECISIONES FINANCIERAS INTELIGENTES PASO A PASO (M\u00e9todo pr\u00e1ctico 2026)<\/a><\/li>\n<li><a class=\"wp-block-latest-posts__post-title\" href=\"https:\/\/nucleofinanciero.info\/en\/errores-que-debes-evitar-al-invertir-en-bolsa-guia-2026\/\">ERRORES QUE DEBES EVITAR AL INVERTIR EN BOLSA (Gu\u00eda 2026)<\/a><\/li>\n<\/ul>","protected":false},"excerpt":{"rendered":"<p>N\u00facleo Financiero En N\u00facleo Financiero creemos que la educaci\u00f3n financiera es la base para tomar mejores decisiones en la vida. No somos solo una p\u00e1gina de informaci\u00f3n: somos un espacio creado para ayudarte a entender y mejorar la forma en la que gestionas tu dinero. Vivimos en un mundo donde la econom\u00eda cambia constantemente, y [&hellip;]<\/p>\n","protected":false},"author":1,"featured_media":0,"parent":0,"menu_order":0,"comment_status":"closed","ping_status":"closed","template":"","meta":{"footnotes":""},"class_list":["post-252","page","type-page","status-publish","hentry"],"yoast_head":"<!-- This site is optimized with the Yoast SEO plugin v27.5 - https:\/\/yoast.com\/product\/yoast-seo-wordpress\/ -->\n<title>\u00bfQui\u00e9nes somos? - N\u00facleo Financiero<\/title>\n<meta name=\"robots\" content=\"index, follow, max-snippet:-1, max-image-preview:large, max-video-preview:-1\" \/>\n<link rel=\"canonical\" href=\"https:\/\/nucleofinanciero-138a523.ingress-haven.ewp.live\/quienes-somos\/\" \/>\n<meta property=\"og:locale\" content=\"en_US\" \/>\n<meta property=\"og:type\" content=\"article\" \/>\n<meta property=\"og:title\" content=\"\u00bfQui\u00e9nes somos? - N\u00facleo Financiero\" \/>\n<meta property=\"og:description\" content=\"N\u00facleo Financiero En N\u00facleo Financiero creemos que la educaci\u00f3n financiera es la base para tomar mejores decisiones en la vida. No somos solo una p\u00e1gina de informaci\u00f3n: somos un espacio creado para ayudarte a entender y mejorar la forma en la que gestionas tu dinero. Vivimos en un mundo donde la econom\u00eda cambia constantemente, y [&hellip;]\" \/>\n<meta property=\"og:url\" content=\"https:\/\/nucleofinanciero-138a523.ingress-haven.ewp.live\/quienes-somos\/\" \/>\n<meta property=\"og:site_name\" content=\"N\u00facleo Financiero\" \/>\n<meta property=\"article:modified_time\" content=\"2026-05-07T00:56:58+00:00\" \/>\n<meta name=\"twitter:card\" content=\"summary_large_image\" \/>\n<meta name=\"twitter:label1\" content=\"Est. reading time\" \/>\n\t<meta name=\"twitter:data1\" content=\"1 minute\" \/>\n<script type=\"application\/ld+json\" class=\"yoast-schema-graph\">{\"@context\":\"https:\\\/\\\/schema.org\",\"@graph\":[{\"@type\":\"WebPage\",\"@id\":\"https:\\\/\\\/nucleofinanciero-138a523.ingress-haven.ewp.live\\\/quienes-somos\\\/\",\"url\":\"https:\\\/\\\/nucleofinanciero-138a523.ingress-haven.ewp.live\\\/quienes-somos\\\/\",\"name\":\"\u00bfQui\u00e9nes somos? - N\u00facleo Financiero\",\"isPartOf\":{\"@id\":\"https:\\\/\\\/nucleofinanciero-138a523.ingress-haven.ewp.live\\\/#website\"},\"datePublished\":\"2026-05-06T03:31:36+00:00\",\"dateModified\":\"2026-05-07T00:56:58+00:00\",\"breadcrumb\":{\"@id\":\"https:\\\/\\\/nucleofinanciero-138a523.ingress-haven.ewp.live\\\/quienes-somos\\\/#breadcrumb\"},\"inLanguage\":\"en-US\",\"potentialAction\":[{\"@type\":\"ReadAction\",\"target\":[\"https:\\\/\\\/nucleofinanciero-138a523.ingress-haven.ewp.live\\\/quienes-somos\\\/\"]}]},{\"@type\":\"BreadcrumbList\",\"@id\":\"https:\\\/\\\/nucleofinanciero-138a523.ingress-haven.ewp.live\\\/quienes-somos\\\/#breadcrumb\",\"itemListElement\":[{\"@type\":\"ListItem\",\"position\":1,\"name\":\"Home\",\"item\":\"https:\\\/\\\/nucleofinanciero-138a523.ingress-haven.ewp.live\\\/\"},{\"@type\":\"ListItem\",\"position\":2,\"name\":\"\u00bfQui\u00e9nes somos?\"}]},{\"@type\":\"WebSite\",\"@id\":\"https:\\\/\\\/nucleofinanciero-138a523.ingress-haven.ewp.live\\\/#website\",\"url\":\"https:\\\/\\\/nucleofinanciero-138a523.ingress-haven.ewp.live\\\/\",\"name\":\"N\u00facleo Financiero\",\"description\":\"N\u00facleo Financiero es un espacio sobre finanzas, inversiones y criptomonedas, pensado para ayudarte a entender a como tomar mejores decisiones econ\u00f3micas, como manejar el dinero e informarte sobre las \u00faltimas noticias en este sector.\",\"publisher\":{\"@id\":\"https:\\\/\\\/nucleofinanciero-138a523.ingress-haven.ewp.live\\\/#\\\/schema\\\/person\\\/545626d51443b2b464b8af07361147f1\"},\"potentialAction\":[{\"@type\":\"SearchAction\",\"target\":{\"@type\":\"EntryPoint\",\"urlTemplate\":\"https:\\\/\\\/nucleofinanciero-138a523.ingress-haven.ewp.live\\\/?s={search_term_string}\"},\"query-input\":{\"@type\":\"PropertyValueSpecification\",\"valueRequired\":true,\"valueName\":\"search_term_string\"}}],\"inLanguage\":\"en-US\"},{\"@type\":[\"Person\",\"Organization\"],\"@id\":\"https:\\\/\\\/nucleofinanciero-138a523.ingress-haven.ewp.live\\\/#\\\/schema\\\/person\\\/545626d51443b2b464b8af07361147f1\",\"name\":\"manuelcalatrava2323\",\"image\":{\"@type\":\"ImageObject\",\"inLanguage\":\"en-US\",\"@id\":\"https:\\\/\\\/nucleofinanciero.info\\\/wp-content\\\/uploads\\\/2026\\\/04\\\/cropped-WhatsApp-Image-2026-04-25-at-03.31.10-1.jpeg\",\"url\":\"https:\\\/\\\/nucleofinanciero.info\\\/wp-content\\\/uploads\\\/2026\\\/04\\\/cropped-WhatsApp-Image-2026-04-25-at-03.31.10-1.jpeg\",\"contentUrl\":\"https:\\\/\\\/nucleofinanciero.info\\\/wp-content\\\/uploads\\\/2026\\\/04\\\/cropped-WhatsApp-Image-2026-04-25-at-03.31.10-1.jpeg\",\"width\":1254,\"height\":1254,\"caption\":\"manuelcalatrava2323\"},\"logo\":{\"@id\":\"https:\\\/\\\/nucleofinanciero.info\\\/wp-content\\\/uploads\\\/2026\\\/04\\\/cropped-WhatsApp-Image-2026-04-25-at-03.31.10-1.jpeg\"},\"sameAs\":[\"https:\\\/\\\/nucleofinanciero.info\"]}]}<\/script>\n<!-- \/ Yoast SEO plugin. -->","yoast_head_json":{"title":"\u00bfQui\u00e9nes somos? - N\u00facleo Financiero","robots":{"index":"index","follow":"follow","max-snippet":"max-snippet:-1","max-image-preview":"max-image-preview:large","max-video-preview":"max-video-preview:-1"},"canonical":"https:\/\/nucleofinanciero-138a523.ingress-haven.ewp.live\/quienes-somos\/","og_locale":"en_US","og_type":"article","og_title":"\u00bfQui\u00e9nes somos? - N\u00facleo Financiero","og_description":"N\u00facleo Financiero En N\u00facleo Financiero creemos que la educaci\u00f3n financiera es la base para tomar mejores decisiones en la vida. No somos solo una p\u00e1gina de informaci\u00f3n: somos un espacio creado para ayudarte a entender y mejorar la forma en la que gestionas tu dinero. Vivimos en un mundo donde la econom\u00eda cambia constantemente, y [&hellip;]","og_url":"https:\/\/nucleofinanciero-138a523.ingress-haven.ewp.live\/quienes-somos\/","og_site_name":"N\u00facleo Financiero","article_modified_time":"2026-05-07T00:56:58+00:00","twitter_card":"summary_large_image","twitter_misc":{"Est. reading time":"1 minute"},"schema":{"@context":"https:\/\/schema.org","@graph":[{"@type":"WebPage","@id":"https:\/\/nucleofinanciero-138a523.ingress-haven.ewp.live\/quienes-somos\/","url":"https:\/\/nucleofinanciero-138a523.ingress-haven.ewp.live\/quienes-somos\/","name":"\u00bfQui\u00e9nes somos? - N\u00facleo Financiero","isPartOf":{"@id":"https:\/\/nucleofinanciero-138a523.ingress-haven.ewp.live\/#website"},"datePublished":"2026-05-06T03:31:36+00:00","dateModified":"2026-05-07T00:56:58+00:00","breadcrumb":{"@id":"https:\/\/nucleofinanciero-138a523.ingress-haven.ewp.live\/quienes-somos\/#breadcrumb"},"inLanguage":"en-US","potentialAction":[{"@type":"ReadAction","target":["https:\/\/nucleofinanciero-138a523.ingress-haven.ewp.live\/quienes-somos\/"]}]},{"@type":"BreadcrumbList","@id":"https:\/\/nucleofinanciero-138a523.ingress-haven.ewp.live\/quienes-somos\/#breadcrumb","itemListElement":[{"@type":"ListItem","position":1,"name":"Home","item":"https:\/\/nucleofinanciero-138a523.ingress-haven.ewp.live\/"},{"@type":"ListItem","position":2,"name":"\u00bfQui\u00e9nes somos?"}]},{"@type":"WebSite","@id":"https:\/\/nucleofinanciero-138a523.ingress-haven.ewp.live\/#website","url":"https:\/\/nucleofinanciero-138a523.ingress-haven.ewp.live\/","name":"N\u00facleo Financiero","description":"N\u00facleo Financiero es un espacio sobre finanzas, inversiones y criptomonedas, pensado para ayudarte a entender a como tomar mejores decisiones econ\u00f3micas, como manejar el dinero e informarte sobre las \u00faltimas noticias en este sector.","publisher":{"@id":"https:\/\/nucleofinanciero-138a523.ingress-haven.ewp.live\/#\/schema\/person\/545626d51443b2b464b8af07361147f1"},"potentialAction":[{"@type":"SearchAction","target":{"@type":"EntryPoint","urlTemplate":"https:\/\/nucleofinanciero-138a523.ingress-haven.ewp.live\/?s={search_term_string}"},"query-input":{"@type":"PropertyValueSpecification","valueRequired":true,"valueName":"search_term_string"}}],"inLanguage":"en-US"},{"@type":["Person","Organization"],"@id":"https:\/\/nucleofinanciero-138a523.ingress-haven.ewp.live\/#\/schema\/person\/545626d51443b2b464b8af07361147f1","name":"manuelcalatrava2323","image":{"@type":"ImageObject","inLanguage":"en-US","@id":"https:\/\/nucleofinanciero.info\/wp-content\/uploads\/2026\/04\/cropped-WhatsApp-Image-2026-04-25-at-03.31.10-1.jpeg","url":"https:\/\/nucleofinanciero.info\/wp-content\/uploads\/2026\/04\/cropped-WhatsApp-Image-2026-04-25-at-03.31.10-1.jpeg","contentUrl":"https:\/\/nucleofinanciero.info\/wp-content\/uploads\/2026\/04\/cropped-WhatsApp-Image-2026-04-25-at-03.31.10-1.jpeg","width":1254,"height":1254,"caption":"manuelcalatrava2323"},"logo":{"@id":"https:\/\/nucleofinanciero.info\/wp-content\/uploads\/2026\/04\/cropped-WhatsApp-Image-2026-04-25-at-03.31.10-1.jpeg"},"sameAs":["https:\/\/nucleofinanciero.info"]}]}},"brizy_media":[],"_links":{"self":[{"href":"https:\/\/nucleofinanciero.info\/en\/wp-json\/wp\/v2\/pages\/252","targetHints":{"allow":["GET"]}}],"collection":[{"href":"https:\/\/nucleofinanciero.info\/en\/wp-json\/wp\/v2\/pages"}],"about":[{"href":"https:\/\/nucleofinanciero.info\/en\/wp-json\/wp\/v2\/types\/page"}],"author":[{"embeddable":true,"href":"https:\/\/nucleofinanciero.info\/en\/wp-json\/wp\/v2\/users\/1"}],"replies":[{"embeddable":true,"href":"https:\/\/nucleofinanciero.info\/en\/wp-json\/wp\/v2\/comments?post=252"}],"version-history":[{"count":5,"href":"https:\/\/nucleofinanciero.info\/en\/wp-json\/wp\/v2\/pages\/252\/revisions"}],"predecessor-version":[{"id":373,"href":"https:\/\/nucleofinanciero.info\/en\/wp-json\/wp\/v2\/pages\/252\/revisions\/373"}],"wp:attachment":[{"href":"https:\/\/nucleofinanciero.info\/en\/wp-json\/wp\/v2\/media?parent=252"}],"curies":[{"name":"wp","href":"https:\/\/api.w.org\/{rel}","templated":true}]}}